{"id":4331,"date":"2021-01-24T17:56:48","date_gmt":"2021-01-24T15:56:48","guid":{"rendered":"https:\/\/beta.brisc.ro\/arii-de-practica\/"},"modified":"2022-01-23T15:36:44","modified_gmt":"2022-01-23T13:36:44","slug":"arii-de-practica","status":"publish","type":"page","link":"https:\/\/brisc.ro\/en\/arii-de-practica\/","title":{"rendered":"Practice areas"},"content":{"rendered":"\n<h1 class=\"gb-headline gb-headline-fa4c189b gb-headline-text\"><strong><strong>Brisc Legal Cluj: servicii juridice \u0219i de avocatur\u0103 competent<\/strong>e<\/strong><\/h1>\n\n\n\n<p>Complexitatea dificult\u0103\u021bilor juridice nu ne intimideaz\u0103 niciodat\u0103. Din contr\u0103, ne provoac\u0103 s\u0103 g\u0103sim \u00eentotdeauna solu\u021bii inovatoare dar eficiente pentru partea pe care o reprezent\u0103m.<\/p>\n\n\n\n<p>Suntem adep\u021bii solu\u021bion\u0103rii amiabile a conflictelor, reprezentarea \u00een instan\u021b\u0103 fiind solu\u021bia la care recurgem c\u00e2nd nu exist\u0103 alternativ\u0103. Dac\u0103 situa\u021bia impune calea judiciar\u0103, atunci \u00ee\u021bi punem la dispozi\u021bie profesionalismul \u0219i experien\u021ba noastr\u0103 \u0219i ne dedic\u0103m total cauzei tale.<\/p>\n\n\n\n<p>Oferim <strong>servicii juridice \u0219i de avocatur\u0103 complete \u00een jude\u021bul Cluj<\/strong> bazate pe o experien\u021b\u0103 vast\u0103, \u00een urm\u0103toarele arii de practic\u0103:<\/p>\n\n\n\n<h2 class=\"gb-headline gb-headline-d72a3400 gb-headline-text\">Firm\u0103 de avocatur\u0103 Cluj. Principalele arii de practic\u0103<\/h2>\n\n\n\n<h3 class=\"gb-headline gb-headline-adb1e2d2 gb-headline-text\">Litigii<\/h3>\n\n\n\n<p>Solu\u021bionarea diferendelor \u00een instan\u021b\u0103 implic\u0103 adesea resurse financiare importante, iar litigiile \u00eenseamn\u0103 un timp destul de mare de a\u0219teptare. \u00cen aceste condi\u021bii, formularea unei ac\u021biuni de instan\u021b\u0103 trebuie s\u0103 intervin\u0103 dup\u0103 ce au fost epuizate alternativele de solu\u021bionare pe cale amiabil\u0103, iar strategia a fost atent stabilit\u0103 pentru a maximiza \u0219ansele de reu\u0219it\u0103 ale p\u0103r\u021bii asistate. <\/p>\n\n\n\n<div class=\"wp-block-buttons is-layout-flex wp-block-buttons-is-layout-flex\">\n<div class=\"wp-block-button\"><a class=\"wp-block-button__link\" href=\"https:\/\/brisc.ro\/en\/litigation\/\">Vezi detalii &#8211; litigii<\/a><\/div>\n<\/div>\n\n\n\n<h3 class=\"gb-headline gb-headline-fdd1c096 gb-headline-text\">Societar \u0219i comercial<\/h3>\n\n\n\n<p>\u0218tim c\u0103 men\u021binerea unei companii pe pia\u021b\u0103, la cele mai \u00eenalte standarde de concuren\u021b\u0103, este o provocare chiar \u0219i pentru cel mai competent antreprenor. Echipa noastr\u0103 te sus\u021bine \u00een redactarea \u0219i negocierea unei largi palete de contracte comerciale, printre care contracte de <strong>v\u00e2nzare<\/strong>, <strong>leasing<\/strong>, <strong>franciz\u0103<\/strong> sau <strong>\u00eenchiriere<\/strong>. <\/p>\n\n\n\n<div class=\"wp-block-buttons is-layout-flex wp-block-buttons-is-layout-flex\">\n<div class=\"wp-block-button\"><a class=\"wp-block-button__link\" href=\"https:\/\/brisc.ro\/en\/corporate-and-commercial\/\">Vezii detalii &#8211; societar \u0219i comercial<\/a><\/div>\n<\/div>\n\n\n\n<h3 class=\"gb-headline gb-headline-07bcb3bb gb-headline-text\"><strong>Imobiliar \u0219i construc\u021bii<\/strong><\/h3>\n\n\n\n<p>\u00ce\u021bi punem la dispozi\u021bie cuno\u0219tin\u021bele noastre juridice \u00een solu\u021bionarea <strong>problemelor de drept imobiliar \u0219i protejarea dreptului t\u0103u de proprietate<\/strong>. De asemenea, ne implic\u0103m \u00een situa\u021biile litigioase generate de ingerin\u021bele \u00een dreptul t\u0103u la proprietate at\u00e2t ale autorit\u0103\u021bilor c\u00e2t ale altor particulari.<\/p>\n\n\n\n<div class=\"wp-block-buttons is-layout-flex wp-block-buttons-is-layout-flex\">\n<div class=\"wp-block-button\"><a class=\"wp-block-button__link\" href=\"https:\/\/brisc.ro\/en\/real-estate-constructions-lawyer\/\">Vezii detalii &#8211; imobiliar \u0219i construc\u021bii<\/a><\/div>\n<\/div>\n\n\n\n<p><strong>Insolven\u021b\u0103 \u0219i faliment<\/strong><\/p>\n\n\n\n<p>Expertiza noastr\u0103 ne permite s\u0103 reprezent\u0103m at\u00e2t creditorii, c\u00e2t \u0219i debitorii pe durata procedurii de insolven\u021b\u0103. Te asist\u0103m pentru a maximiza \u0219ansele de recuperare a crean\u021bei \u00een procedura insolven\u021bei, dar \u0219i pentru a proteja patrimoniul t\u0103u personal \u00een contextul insolven\u021bei societ\u0103\u021bii.<\/p>\n\n\n\n<div class=\"wp-block-buttons is-layout-flex wp-block-buttons-is-layout-flex\">\n<div class=\"wp-block-button\"><a class=\"wp-block-button__link\" href=\"https:\/\/brisc.ro\/en\/insolvency-bankruptcy-lawyer\/\">Vezi detalii &#8211; insolven\u021b\u0103 \u0219i faliment<\/a><\/div>\n<\/div>\n\n\n\n<h3 class=\"gb-headline gb-headline-f7e6c604 gb-headline-text\"><strong>Concuren\u021b\u0103<\/strong><\/h3>\n\n\n\n<p>Este esen\u021bial s\u0103 cuno\u0219ti regulile de concuren\u021b\u0103 \u0219i s\u0103 te lansezi pe pia\u021b\u0103 cu o atitudine etic\u0103 \u0219i loial\u0103 fa\u021b\u0103 de concuren\u021b\u0103. \u00ce\u021bi suntem al\u0103turi pentru a implementa m\u0103surile de preven\u021bie necesare.<\/p>\n\n\n\n<div class=\"wp-block-buttons is-layout-flex wp-block-buttons-is-layout-flex\">\n<div class=\"wp-block-button\"><a class=\"wp-block-button__link\" href=\"https:\/\/brisc.ro\/en\/competition\/\">Vezii detalii &#8211; concuren\u021b\u0103<\/a><\/div>\n<\/div>\n\n\n\n<h3 class=\"gb-headline gb-headline-79967acb gb-headline-text\"><strong>Munc\u0103 \u0219i securitate social\u0103<\/strong><\/h3>\n\n\n\n<p>\u00cen calitate de angajator \u00ee\u021bi oferim consiliere pentru implementarea mecanismelor optime de dreptul muncii pentru a-\u021bi proteja bunul mers al afacerii. \u00cen calitate de angajat, te protej\u0103m \u00eempotriva abuzurilor angajatorilor prin reprezentarea \u00een instan\u021b\u0103 \u00een litigiile de dreptul muncii. <\/p>\n\n\n\n<div class=\"wp-block-buttons is-layout-flex wp-block-buttons-is-layout-flex\">\n<div class=\"wp-block-button\"><a class=\"wp-block-button__link\" href=\"https:\/\/brisc.ro\/en\/employment\/\">Vezi detalii &#8211; dreptul muncii<\/a><\/div>\n<\/div>\n","protected":false},"excerpt":{"rendered":"<p>Brisc Legal Cluj: servicii juridice \u0219i de avocatur\u0103 competente Complexitatea dificult\u0103\u021bilor juridice nu ne intimideaz\u0103 niciodat\u0103. Din contr\u0103, ne provoac\u0103 s\u0103 g\u0103sim \u00eentotdeauna solu\u021bii inovatoare dar eficiente pentru partea pe care o reprezent\u0103m. Suntem adep\u021bii solu\u021bion\u0103rii amiabile a conflictelor, reprezentarea \u00een instan\u021b\u0103 fiind solu\u021bia la care recurgem c\u00e2nd nu exist\u0103 alternativ\u0103. Dac\u0103 situa\u021bia impune calea &#8230; <\/p>\n<p class=\"read-more-container\"><a title=\"Practice areas\" class=\"read-more button\" href=\"https:\/\/brisc.ro\/en\/arii-de-practica\/#more-4331\" aria-label=\"Read more about Practice areas\">Vezi articol<\/a><\/p>\n","protected":false},"author":2,"featured_media":0,"parent":0,"menu_order":0,"comment_status":"closed","ping_status":"closed","template":"","meta":{"inline_featured_image":false,"footnotes":""},"class_list":["post-4331","page","type-page","status-publish"],"_links":{"self":[{"href":"https:\/\/brisc.ro\/en\/wp-json\/wp\/v2\/pages\/4331","targetHints":{"allow":["GET"]}}],"collection":[{"href":"https:\/\/brisc.ro\/en\/wp-json\/wp\/v2\/pages"}],"about":[{"href":"https:\/\/brisc.ro\/en\/wp-json\/wp\/v2\/types\/page"}],"author":[{"embeddable":true,"href":"https:\/\/brisc.ro\/en\/wp-json\/wp\/v2\/users\/2"}],"replies":[{"embeddable":true,"href":"https:\/\/brisc.ro\/en\/wp-json\/wp\/v2\/comments?post=4331"}],"version-history":[{"count":1,"href":"https:\/\/brisc.ro\/en\/wp-json\/wp\/v2\/pages\/4331\/revisions"}],"predecessor-version":[{"id":4351,"href":"https:\/\/brisc.ro\/en\/wp-json\/wp\/v2\/pages\/4331\/revisions\/4351"}],"wp:attachment":[{"href":"https:\/\/brisc.ro\/en\/wp-json\/wp\/v2\/media?parent=4331"}],"curies":[{"name":"wp","href":"https:\/\/api.w.org\/{rel}","templated":true}]}}